{"id":99,"date":"2018-02-09T16:04:40","date_gmt":"2018-02-09T16:04:40","guid":{"rendered":"http:\/\/revistafanatikos.com\/portal\/?page_id=99"},"modified":"2018-02-23T23:51:40","modified_gmt":"2018-02-24T04:51:40","slug":"revista-digital","status":"publish","type":"page","link":"https:\/\/revistafanatikos.com\/portal\/revista-digital\/","title":{"rendered":"ED. IMPRESA"},"content":{"rendered":"<p style=\"text-align: center;\"><strong>EDICI\u00d3N REVISTA FANATIKOS\u00a0IMPRESA<\/strong><\/p>\n<p>MUY PRONTO NUESTRA NUEVA EDICI\u00d3N CON REPORTAJES, ENTREVISTAS, CR\u00d3NICAS Y TODA UNA SELECCI\u00d3N DE TEXTOS PARA LOS VERDADEROS FANATIKOS AL BAL\u00d3N, POR LA VERDADERA PASI\u00d3N AL F\u00daTBOL&#8230;<\/p>\n<p>&nbsp;<\/p>\n<p>&nbsp;<\/p>\n","protected":false},"excerpt":{"rendered":"<p>EDICI\u00d3N REVISTA FANATIKOS\u00a0IMPRESA MUY PRONTO NUESTRA NUEVA EDICI\u00d3N CON REPORTAJES, ENTREVISTAS, CR\u00d3NICAS Y TODA UNA SELECCI\u00d3N DE TEXTOS PARA LOS VERDADEROS FANATIKOS AL BAL\u00d3N, POR LA VERDADERA PASI\u00d3N AL F\u00daTBOL&#8230; &nbsp; &nbsp;<\/p>\n","protected":false},"author":1,"featured_media":0,"parent":0,"menu_order":7,"comment_status":"closed","ping_status":"closed","template":"","meta":{"jetpack_post_was_ever_published":false,"_FSMCFIC_featured_image_caption":"","_FSMCFIC_featured_image_nocaption":"","_FSMCFIC_featured_image_hide":"","footnotes":""},"class_list":["post-99","page","type-page","status-publish","hentry"],"jetpack_sharing_enabled":true,"jetpack_shortlink":"https:\/\/wp.me\/P9J6gF-1B","jetpack_likes_enabled":false,"_links":{"self":[{"href":"https:\/\/revistafanatikos.com\/portal\/wp-json\/wp\/v2\/pages\/99","targetHints":{"allow":["GET"]}}],"collection":[{"href":"https:\/\/revistafanatikos.com\/portal\/wp-json\/wp\/v2\/pages"}],"about":[{"href":"https:\/\/revistafanatikos.com\/portal\/wp-json\/wp\/v2\/types\/page"}],"author":[{"embeddable":true,"href":"https:\/\/revistafanatikos.com\/portal\/wp-json\/wp\/v2\/users\/1"}],"replies":[{"embeddable":true,"href":"https:\/\/revistafanatikos.com\/portal\/wp-json\/wp\/v2\/comments?post=99"}],"version-history":[{"count":4,"href":"https:\/\/revistafanatikos.com\/portal\/wp-json\/wp\/v2\/pages\/99\/revisions"}],"predecessor-version":[{"id":196,"href":"https:\/\/revistafanatikos.com\/portal\/wp-json\/wp\/v2\/pages\/99\/revisions\/196"}],"wp:attachment":[{"href":"https:\/\/revistafanatikos.com\/portal\/wp-json\/wp\/v2\/media?parent=99"}],"curies":[{"name":"wp","href":"https:\/\/api.w.org\/{rel}","templated":true}]}}