{"id":1031,"date":"2019-06-12T15:14:59","date_gmt":"2019-06-12T20:14:59","guid":{"rendered":"http:\/\/revistafanatikos.com\/portal\/?page_id=1031"},"modified":"2019-06-13T00:19:29","modified_gmt":"2019-06-13T05:19:29","slug":"fanatitipster","status":"publish","type":"page","link":"https:\/\/revistafanatikos.com\/portal\/fanatitipster\/","title":{"rendered":"FanatiTipster"},"content":{"rendered":"<figure style=\"width: 318px\" class=\"wp-caption aligncenter\"><img loading=\"lazy\" decoding=\"async\" class=\"\" src=\"https:\/\/staticuestudio.blob.core.windows.net\/buhomag\/2017\/02\/27193529\/apuestas-deportivas.jpg?auto=compress,format\" width=\"318\" height=\"179\" \/><figcaption class=\"wp-caption-text\">Imagen: Extraida de buhomag.elmundo.es<\/figcaption><\/figure>\n<p>Si te gustan las apuestas y eres un Fanatiko apostador, aqu\u00ed encontrar\u00e1s los an\u00e1lisis y consejos de\u00a0<em><strong>J<\/strong><strong>avier Tipster Castellanos<\/strong><\/em>, quien se encargar\u00e1 de que ganes muchas apuestas y llenes tus bolsillos de pl\u00e1tica.<\/p>\n<p>[YouTube_WD id=3 item=2]<\/p>\n","protected":false},"excerpt":{"rendered":"<p>Si te gustan las apuestas y eres un Fanatiko apostador, aqu\u00ed encontrar\u00e1s los an\u00e1lisis y consejos de\u00a0Javier Tipster Castellanos, quien se encargar\u00e1 de que ganes muchas apuestas y llenes tus bolsillos de pl\u00e1tica. [YouTube_WD id=3 item=2]<\/p>\n","protected":false},"author":1,"featured_media":0,"parent":0,"menu_order":0,"comment_status":"closed","ping_status":"closed","template":"","meta":{"jetpack_post_was_ever_published":false,"_FSMCFIC_featured_image_caption":"","_FSMCFIC_featured_image_nocaption":"","_FSMCFIC_featured_image_hide":"","footnotes":""},"class_list":["post-1031","page","type-page","status-publish","hentry"],"jetpack_sharing_enabled":true,"jetpack_shortlink":"https:\/\/wp.me\/P9J6gF-gD","jetpack_likes_enabled":false,"_links":{"self":[{"href":"https:\/\/revistafanatikos.com\/portal\/wp-json\/wp\/v2\/pages\/1031","targetHints":{"allow":["GET"]}}],"collection":[{"href":"https:\/\/revistafanatikos.com\/portal\/wp-json\/wp\/v2\/pages"}],"about":[{"href":"https:\/\/revistafanatikos.com\/portal\/wp-json\/wp\/v2\/types\/page"}],"author":[{"embeddable":true,"href":"https:\/\/revistafanatikos.com\/portal\/wp-json\/wp\/v2\/users\/1"}],"replies":[{"embeddable":true,"href":"https:\/\/revistafanatikos.com\/portal\/wp-json\/wp\/v2\/comments?post=1031"}],"version-history":[{"count":7,"href":"https:\/\/revistafanatikos.com\/portal\/wp-json\/wp\/v2\/pages\/1031\/revisions"}],"predecessor-version":[{"id":1047,"href":"https:\/\/revistafanatikos.com\/portal\/wp-json\/wp\/v2\/pages\/1031\/revisions\/1047"}],"wp:attachment":[{"href":"https:\/\/revistafanatikos.com\/portal\/wp-json\/wp\/v2\/media?parent=1031"}],"curies":[{"name":"wp","href":"https:\/\/api.w.org\/{rel}","templated":true}]}}